{"id":1977,"date":"2024-04-22T16:07:42","date_gmt":"2024-04-22T16:07:42","guid":{"rendered":"https:\/\/claudiacarlino.com\/?post_type=product&#038;p=1977"},"modified":"2024-04-22T16:12:19","modified_gmt":"2024-04-22T16:12:19","slug":"carol","status":"publish","type":"product","link":"https:\/\/claudiacarlino.com\/en\/product\/carol\/","title":{"rendered":"CAROL"},"content":{"rendered":"","protected":false},"excerpt":{"rendered":"<h5>\u2018Amatista\u2019 Collection \ud83d\udc9c<\/h5>\n<p><em>Includes magnet system and safety chain.<\/em><\/p>\n<ul>\n<li><strong>Materials<\/strong>: Small vintage glass beads, 18K gold plated spacers, with a small crystal drop<\/li>\n<li><strong>Measurements<\/strong>: Tailor-made.<\/li>\n<\/ul>\n<div><\/div>","protected":false},"featured_media":1978,"comment_status":"open","ping_status":"closed","template":"","meta":{"_coblocks_attr":"","_coblocks_dimensions":"","_coblocks_responsive_height":"","_coblocks_accordion_ie_support":"","_uag_custom_page_level_css":"","site-sidebar-layout":"default","site-content-layout":"","ast-site-content-layout":"default","site-content-style":"default","site-sidebar-style":"default","ast-global-header-display":"","ast-banner-title-visibility":"","ast-main-header-display":"","ast-hfb-above-header-display":"","ast-hfb-below-header-display":"","ast-hfb-mobile-header-display":"","site-post-title":"","ast-breadcrumbs-content":"","ast-featured-img":"","footer-sml-layout":"","ast-disable-related-posts":"","theme-transparent-header-meta":"default","adv-header-id-meta":"","stick-header-meta":"","header-above-stick-meta":"","header-main-stick-meta":"","header-below-stick-meta":"","astra-migrate-meta-layouts":"set","ast-page-background-enabled":"default","ast-page-background-meta":{"desktop":{"background-color":"var(--ast-global-color-4)","background-image":"","background-repeat":"repeat","background-position":"center center","background-size":"auto","background-attachment":"scroll","background-type":"","background-media":"","overlay-type":"","overlay-color":"","overlay-opacity":"","overlay-gradient":""},"tablet":{"background-color":"","background-image":"","background-repeat":"repeat","background-position":"center center","background-size":"auto","background-attachment":"scroll","background-type":"","background-media":"","overlay-type":"","overlay-color":"","overlay-opacity":"","overlay-gradient":""},"mobile":{"background-color":"","background-image":"","background-repeat":"repeat","background-position":"center center","background-size":"auto","background-attachment":"scroll","background-type":"","background-media":"","overlay-type":"","overlay-color":"","overlay-opacity":"","overlay-gradient":""}},"ast-content-background-meta":{"desktop":{"background-color":"var(--ast-global-color-5)","background-image":"","background-repeat":"repeat","background-position":"center center","background-size":"auto","background-attachment":"scroll","background-type":"","background-media":"","overlay-type":"","overlay-color":"","overlay-opacity":"","overlay-gradient":""},"tablet":{"background-color":"var(--ast-global-color-5)","background-image":"","background-repeat":"repeat","background-position":"center center","background-size":"auto","background-attachment":"scroll","background-type":"","background-media":"","overlay-type":"","overlay-color":"","overlay-opacity":"","overlay-gradient":""},"mobile":{"background-color":"var(--ast-global-color-5)","background-image":"","background-repeat":"repeat","background-position":"center center","background-size":"auto","background-attachment":"scroll","background-type":"","background-media":"","overlay-type":"","overlay-color":"","overlay-opacity":"","overlay-gradient":""}}},"product_brand":[],"product_cat":[17],"product_tag":[],"class_list":{"0":"post-1977","1":"product","2":"type-product","3":"status-publish","4":"has-post-thumbnail","6":"product_cat-brazaletes","7":"desktop-align-left","8":"tablet-align-left","9":"mobile-align-left","11":"first","12":"instock","13":"shipping-taxable","14":"purchasable","15":"product-type-simple"},"yoast_head":"<!-- This site is optimized with the Yoast SEO plugin v27.4 - https:\/\/yoast.com\/product\/yoast-seo-wordpress\/ -->\n<title>CAROL - TuttoCarly<\/title>\n<meta name=\"description\" content=\"Brazalete artesanal con peque\u00f1as cuentas de vidrio vintage, separadores en oro chapado 18K, con una peque\u00f1a gota de cristal.\u00a0Colecci\u00f3n &#039;Amatista&#039; de Tutto.\" \/>\n<meta name=\"robots\" content=\"index, follow, max-snippet:-1, max-image-preview:large, max-video-preview:-1\" \/>\n<link rel=\"canonical\" href=\"https:\/\/claudiacarlino.com\/en\/product\/carol\/\" \/>\n<meta property=\"og:locale\" content=\"en_US\" \/>\n<meta property=\"og:type\" content=\"article\" \/>\n<meta property=\"og:title\" content=\"CAROL - TuttoCarly\" \/>\n<meta property=\"og:description\" content=\"Brazalete artesanal con peque\u00f1as cuentas de vidrio vintage, separadores en oro chapado 18K, con una peque\u00f1a gota de cristal.\u00a0Colecci\u00f3n &#039;Amatista&#039; de Tutto.\" \/>\n<meta property=\"og:url\" content=\"https:\/\/claudiacarlino.com\/en\/product\/carol\/\" \/>\n<meta property=\"og:site_name\" content=\"TuttoCarly\" \/>\n<meta property=\"article:modified_time\" content=\"2024-04-22T16:12:19+00:00\" \/>\n<meta property=\"og:image\" content=\"https:\/\/claudiacarlino.com\/wp-content\/uploads\/2024\/04\/Carol-scaled.jpg\" \/>\n\t<meta property=\"og:image:width\" content=\"2280\" \/>\n\t<meta property=\"og:image:height\" content=\"2560\" \/>\n\t<meta property=\"og:image:type\" content=\"image\/jpeg\" \/>\n<meta name=\"twitter:card\" content=\"summary_large_image\" \/>\n<meta name=\"twitter:label1\" content=\"Est. reading time\" \/>\n\t<meta name=\"twitter:data1\" content=\"1 minute\" \/>\n<script type=\"application\/ld+json\" class=\"yoast-schema-graph\">{\"@context\":\"https:\\\/\\\/schema.org\",\"@graph\":[{\"@type\":\"WebPage\",\"@id\":\"https:\\\/\\\/claudiacarlino.com\\\/product\\\/carol\\\/\",\"url\":\"https:\\\/\\\/claudiacarlino.com\\\/product\\\/carol\\\/\",\"name\":\"CAROL - TuttoCarly\",\"isPartOf\":{\"@id\":\"https:\\\/\\\/claudiacarlino.com\\\/#website\"},\"primaryImageOfPage\":{\"@id\":\"https:\\\/\\\/claudiacarlino.com\\\/product\\\/carol\\\/#primaryimage\"},\"image\":{\"@id\":\"https:\\\/\\\/claudiacarlino.com\\\/product\\\/carol\\\/#primaryimage\"},\"thumbnailUrl\":\"https:\\\/\\\/claudiacarlino.com\\\/wp-content\\\/uploads\\\/2024\\\/04\\\/Carol-scaled.jpg\",\"datePublished\":\"2024-04-22T16:07:42+00:00\",\"dateModified\":\"2024-04-22T16:12:19+00:00\",\"description\":\"Brazalete artesanal con peque\u00f1as cuentas de vidrio vintage, separadores en oro chapado 18K, con una peque\u00f1a gota de cristal.\u00a0Colecci\u00f3n 'Amatista' de Tutto.\",\"breadcrumb\":{\"@id\":\"https:\\\/\\\/claudiacarlino.com\\\/product\\\/carol\\\/#breadcrumb\"},\"inLanguage\":\"en-US\",\"potentialAction\":[{\"@type\":\"ReadAction\",\"target\":[\"https:\\\/\\\/claudiacarlino.com\\\/product\\\/carol\\\/\"]}]},{\"@type\":\"ImageObject\",\"inLanguage\":\"en-US\",\"@id\":\"https:\\\/\\\/claudiacarlino.com\\\/product\\\/carol\\\/#primaryimage\",\"url\":\"https:\\\/\\\/claudiacarlino.com\\\/wp-content\\\/uploads\\\/2024\\\/04\\\/Carol-scaled.jpg\",\"contentUrl\":\"https:\\\/\\\/claudiacarlino.com\\\/wp-content\\\/uploads\\\/2024\\\/04\\\/Carol-scaled.jpg\",\"width\":2280,\"height\":2560},{\"@type\":\"BreadcrumbList\",\"@id\":\"https:\\\/\\\/claudiacarlino.com\\\/product\\\/carol\\\/#breadcrumb\",\"itemListElement\":[{\"@type\":\"ListItem\",\"position\":1,\"name\":\"Home\",\"item\":\"https:\\\/\\\/claudiacarlino.com\\\/\"},{\"@type\":\"ListItem\",\"position\":2,\"name\":\"Tienda\",\"item\":\"https:\\\/\\\/claudiacarlino.com\\\/shop\\\/\"},{\"@type\":\"ListItem\",\"position\":3,\"name\":\"CAROL\"}]},{\"@type\":\"WebSite\",\"@id\":\"https:\\\/\\\/claudiacarlino.com\\\/#website\",\"url\":\"https:\\\/\\\/claudiacarlino.com\\\/\",\"name\":\"TuttoCarly\",\"description\":\"\",\"publisher\":{\"@id\":\"https:\\\/\\\/claudiacarlino.com\\\/#organization\"},\"potentialAction\":[{\"@type\":\"SearchAction\",\"target\":{\"@type\":\"EntryPoint\",\"urlTemplate\":\"https:\\\/\\\/claudiacarlino.com\\\/?s={search_term_string}\"},\"query-input\":{\"@type\":\"PropertyValueSpecification\",\"valueRequired\":true,\"valueName\":\"search_term_string\"}}],\"inLanguage\":\"en-US\"},{\"@type\":\"Organization\",\"@id\":\"https:\\\/\\\/claudiacarlino.com\\\/#organization\",\"name\":\"TuttoCarly\",\"url\":\"https:\\\/\\\/claudiacarlino.com\\\/\",\"logo\":{\"@type\":\"ImageObject\",\"inLanguage\":\"en-US\",\"@id\":\"https:\\\/\\\/claudiacarlino.com\\\/#\\\/schema\\\/logo\\\/image\\\/\",\"url\":\"https:\\\/\\\/claudiacarlino.com\\\/wp-content\\\/uploads\\\/2024\\\/04\\\/logo-final.png\",\"contentUrl\":\"https:\\\/\\\/claudiacarlino.com\\\/wp-content\\\/uploads\\\/2024\\\/04\\\/logo-final.png\",\"width\":1530,\"height\":594,\"caption\":\"TuttoCarly\"},\"image\":{\"@id\":\"https:\\\/\\\/claudiacarlino.com\\\/#\\\/schema\\\/logo\\\/image\\\/\"}}]}<\/script>\n<!-- \/ Yoast SEO plugin. -->","yoast_head_json":{"title":"CAROL - TuttoCarly","description":"Brazalete artesanal con peque\u00f1as cuentas de vidrio vintage, separadores en oro chapado 18K, con una peque\u00f1a gota de cristal.\u00a0Colecci\u00f3n 'Amatista' de Tutto.","robots":{"index":"index","follow":"follow","max-snippet":"max-snippet:-1","max-image-preview":"max-image-preview:large","max-video-preview":"max-video-preview:-1"},"canonical":"https:\/\/claudiacarlino.com\/en\/product\/carol\/","og_locale":"en_US","og_type":"article","og_title":"CAROL - TuttoCarly","og_description":"Brazalete artesanal con peque\u00f1as cuentas de vidrio vintage, separadores en oro chapado 18K, con una peque\u00f1a gota de cristal.\u00a0Colecci\u00f3n 'Amatista' de Tutto.","og_url":"https:\/\/claudiacarlino.com\/en\/product\/carol\/","og_site_name":"TuttoCarly","article_modified_time":"2024-04-22T16:12:19+00:00","og_image":[{"width":2280,"height":2560,"url":"https:\/\/claudiacarlino.com\/wp-content\/uploads\/2024\/04\/Carol-scaled.jpg","type":"image\/jpeg"}],"twitter_card":"summary_large_image","twitter_misc":{"Est. reading time":"1 minute"},"schema":{"@context":"https:\/\/schema.org","@graph":[{"@type":"WebPage","@id":"https:\/\/claudiacarlino.com\/product\/carol\/","url":"https:\/\/claudiacarlino.com\/product\/carol\/","name":"CAROL - TuttoCarly","isPartOf":{"@id":"https:\/\/claudiacarlino.com\/#website"},"primaryImageOfPage":{"@id":"https:\/\/claudiacarlino.com\/product\/carol\/#primaryimage"},"image":{"@id":"https:\/\/claudiacarlino.com\/product\/carol\/#primaryimage"},"thumbnailUrl":"https:\/\/claudiacarlino.com\/wp-content\/uploads\/2024\/04\/Carol-scaled.jpg","datePublished":"2024-04-22T16:07:42+00:00","dateModified":"2024-04-22T16:12:19+00:00","description":"Brazalete artesanal con peque\u00f1as cuentas de vidrio vintage, separadores en oro chapado 18K, con una peque\u00f1a gota de cristal.\u00a0Colecci\u00f3n 'Amatista' de Tutto.","breadcrumb":{"@id":"https:\/\/claudiacarlino.com\/product\/carol\/#breadcrumb"},"inLanguage":"en-US","potentialAction":[{"@type":"ReadAction","target":["https:\/\/claudiacarlino.com\/product\/carol\/"]}]},{"@type":"ImageObject","inLanguage":"en-US","@id":"https:\/\/claudiacarlino.com\/product\/carol\/#primaryimage","url":"https:\/\/claudiacarlino.com\/wp-content\/uploads\/2024\/04\/Carol-scaled.jpg","contentUrl":"https:\/\/claudiacarlino.com\/wp-content\/uploads\/2024\/04\/Carol-scaled.jpg","width":2280,"height":2560},{"@type":"BreadcrumbList","@id":"https:\/\/claudiacarlino.com\/product\/carol\/#breadcrumb","itemListElement":[{"@type":"ListItem","position":1,"name":"Home","item":"https:\/\/claudiacarlino.com\/"},{"@type":"ListItem","position":2,"name":"Tienda","item":"https:\/\/claudiacarlino.com\/shop\/"},{"@type":"ListItem","position":3,"name":"CAROL"}]},{"@type":"WebSite","@id":"https:\/\/claudiacarlino.com\/#website","url":"https:\/\/claudiacarlino.com\/","name":"TuttoCarly","description":"","publisher":{"@id":"https:\/\/claudiacarlino.com\/#organization"},"potentialAction":[{"@type":"SearchAction","target":{"@type":"EntryPoint","urlTemplate":"https:\/\/claudiacarlino.com\/?s={search_term_string}"},"query-input":{"@type":"PropertyValueSpecification","valueRequired":true,"valueName":"search_term_string"}}],"inLanguage":"en-US"},{"@type":"Organization","@id":"https:\/\/claudiacarlino.com\/#organization","name":"TuttoCarly","url":"https:\/\/claudiacarlino.com\/","logo":{"@type":"ImageObject","inLanguage":"en-US","@id":"https:\/\/claudiacarlino.com\/#\/schema\/logo\/image\/","url":"https:\/\/claudiacarlino.com\/wp-content\/uploads\/2024\/04\/logo-final.png","contentUrl":"https:\/\/claudiacarlino.com\/wp-content\/uploads\/2024\/04\/logo-final.png","width":1530,"height":594,"caption":"TuttoCarly"},"image":{"@id":"https:\/\/claudiacarlino.com\/#\/schema\/logo\/image\/"}}]}},"uagb_featured_image_src":{"full":["https:\/\/claudiacarlino.com\/wp-content\/uploads\/2024\/04\/Carol-scaled.jpg",2280,2560,false],"thumbnail":["https:\/\/claudiacarlino.com\/wp-content\/uploads\/2024\/04\/Carol-150x150.jpg",150,150,true],"medium":["https:\/\/claudiacarlino.com\/wp-content\/uploads\/2024\/04\/Carol-267x300.jpg",267,300,true],"medium_large":["https:\/\/claudiacarlino.com\/wp-content\/uploads\/2024\/04\/Carol-768x862.jpg",768,862,true],"large":["https:\/\/claudiacarlino.com\/wp-content\/uploads\/2024\/04\/Carol-912x1024.jpg",912,1024,true],"1536x1536":["https:\/\/claudiacarlino.com\/wp-content\/uploads\/2024\/04\/Carol-1368x1536.jpg",1368,1536,true],"2048x2048":["https:\/\/claudiacarlino.com\/wp-content\/uploads\/2024\/04\/Carol-1824x2048.jpg",1824,2048,true],"trp-custom-language-flag":["https:\/\/claudiacarlino.com\/wp-content\/uploads\/2024\/04\/Carol-scaled.jpg",11,12,false],"woocommerce_thumbnail":["https:\/\/claudiacarlino.com\/wp-content\/uploads\/2024\/04\/Carol-300x300.jpg",300,300,true],"woocommerce_single":["https:\/\/claudiacarlino.com\/wp-content\/uploads\/2024\/04\/Carol-600x674.jpg",600,674,true],"woocommerce_gallery_thumbnail":["https:\/\/claudiacarlino.com\/wp-content\/uploads\/2024\/04\/Carol-100x100.jpg",100,100,true]},"uagb_author_info":{"display_name":"store","author_link":"https:\/\/claudiacarlino.com\/en\/author\/"},"uagb_comment_info":0,"uagb_excerpt":"Colecci\u00f3n 'Amatista' \ud83d\udc9c Incluye sistema de im\u00e1n y cadena de seguridad. Materiales: Peque\u00f1as cuentas de vidrio vintage, separadores en oro chapado 18K, con una peque\u00f1a gota de cristal Medidas: Hecho a medida.","_links":{"self":[{"href":"https:\/\/claudiacarlino.com\/en\/wp-json\/wp\/v2\/product\/1977","targetHints":{"allow":["GET"]}}],"collection":[{"href":"https:\/\/claudiacarlino.com\/en\/wp-json\/wp\/v2\/product"}],"about":[{"href":"https:\/\/claudiacarlino.com\/en\/wp-json\/wp\/v2\/types\/product"}],"replies":[{"embeddable":true,"href":"https:\/\/claudiacarlino.com\/en\/wp-json\/wp\/v2\/comments?post=1977"}],"wp:featuredmedia":[{"embeddable":true,"href":"https:\/\/claudiacarlino.com\/en\/wp-json\/wp\/v2\/media\/1978"}],"wp:attachment":[{"href":"https:\/\/claudiacarlino.com\/en\/wp-json\/wp\/v2\/media?parent=1977"}],"wp:term":[{"taxonomy":"product_brand","embeddable":true,"href":"https:\/\/claudiacarlino.com\/en\/wp-json\/wp\/v2\/product_brand?post=1977"},{"taxonomy":"product_cat","embeddable":true,"href":"https:\/\/claudiacarlino.com\/en\/wp-json\/wp\/v2\/product_cat?post=1977"},{"taxonomy":"product_tag","embeddable":true,"href":"https:\/\/claudiacarlino.com\/en\/wp-json\/wp\/v2\/product_tag?post=1977"}],"curies":[{"name":"wp","href":"https:\/\/api.w.org\/{rel}","templated":true}]}}